{"id":9283,"date":"2025-05-10T18:51:52","date_gmt":"2025-05-10T15:51:52","guid":{"rendered":"https:\/\/iqradernegi.org\/south-africa\/"},"modified":"2025-05-10T19:07:49","modified_gmt":"2025-05-10T16:07:49","slug":"south-africa","status":"publish","type":"page","link":"https:\/\/iqradernegi.org\/en\/south-africa\/","title":{"rendered":"South Africa"},"content":{"rendered":"<div class=\"wpb-content-wrapper\"><p>[vc_row][vc_column width=&#8221;1\/2&#8243;][vc_single_image image=&#8221;9280&#8243; img_size=&#8221;full&#8221; alignment=&#8221;center&#8221; css=&#8221;&#8221;][\/vc_column][vc_column width=&#8221;1\/2&#8243;][vc_column_text css=&#8221;&#8221;]Iqra Charity South Africa[\/vc_column_text][\/vc_column][\/vc_row][vc_row][vc_column][vc_column_text css=&#8221;&#8221;]<\/p>\n<p data-start=\"743\" data-end=\"1172\">Banka Havale Bilgileri<br data-start=\"765\" data-end=\"768\" \/>L\u00fctfen G\u00fcney Afrika Iqra Charity&#8217;e ba\u011f\u0131\u015f yapmak i\u00e7in a\u015fa\u011f\u0131daki hesap bilgilerini kullan\u0131n\u0131z.<br data-start=\"860\" data-end=\"863\" \/>Banka Ad\u0131: First National Bank<br data-start=\"893\" data-end=\"896\" \/>Hesap Ad\u0131: Iqra Charity South Africa<br data-start=\"932\" data-end=\"935\" \/>Hesap Numaras\u0131: 63029984150<br data-start=\"962\" data-end=\"965\" \/>\u015eube Kodu: 250655<br data-start=\"982\" data-end=\"985\" \/>L\u00fctfen a\u00e7\u0131klama k\u0131sm\u0131nda Sadaka, Lillah veya Zekat belirtiniz.<br data-start=\"1047\" data-end=\"1050\" \/>\ud83d\udce9 Geri bildirim veya onay i\u00e7in l\u00fctfen \u00f6deme dekontunuzu (POP) a\u015fa\u011f\u0131daki WhatsApp numaras\u0131na g\u00f6nderiniz: +27 79 634 0204<\/p>\n<p data-start=\"1174\" data-end=\"1348\">WhatsApp \u00fczerinden ileti\u015fim:<br data-start=\"1202\" data-end=\"1205\" \/>\ud83d\udcde Erkekler i\u00e7in: +27 83 786 3586<br data-start=\"1238\" data-end=\"1241\" \/>\ud83d\udcde Erkekler i\u00e7in: +27 72 312 7865<br data-start=\"1274\" data-end=\"1277\" \/>\ud83d\udcde Erkekler i\u00e7in: +27 82 574 5156<br data-start=\"1310\" data-end=\"1313\" \/>\ud83d\udcde Kad\u0131nlar i\u00e7in: +27 79 634 0204<\/p>\n<p data-start=\"1350\" data-end=\"1409\">Web sitesi: <a class=\"\" href=\"http:\/\/www.iqracharity.org\" target=\"_new\" rel=\"noopener\" data-start=\"1362\" data-end=\"1381\">www.iqracharity.org<\/a><br data-start=\"1381\" data-end=\"1384\" \/>Instagram: @iqracharitysa<\/p>\n<p>[\/vc_column_text][\/vc_column][\/vc_row]<\/p>\n<\/div>","protected":false},"excerpt":{"rendered":"<p>[vc_row][vc_column width=&#8221;1\/2&#8243;][vc_single_image image=&#8221;9280&#8243; img_size=&#8221;full&#8221; alignment=&#8221;center&#8221; css=&#8221;&#8221;][\/vc_column][vc_column width=&#8221;1\/2&#8243;][vc_column_text css=&#8221;&#8221;]Iqra Charity South Africa[\/vc_column_text][\/vc_column][\/vc_row][vc_row][vc_column][vc_column_text css=&#8221;&#8221;] Banka Havale BilgileriL\u00fctfen G\u00fcney Afrika Iqra Charity&#8217;e ba\u011f\u0131\u015f yapmak i\u00e7in a\u015fa\u011f\u0131daki hesap bilgilerini kullan\u0131n\u0131z.Banka Ad\u0131: First National BankHesap [&hellip;]<\/p>\n","protected":false},"author":1,"featured_media":0,"parent":0,"menu_order":0,"comment_status":"closed","ping_status":"closed","template":"","meta":{"give_campaign_id":0,"footnotes":""},"class_list":["post-9283","page","type-page","status-publish","hentry"],"campaignId":"","_links":{"self":[{"href":"https:\/\/iqradernegi.org\/en\/wp-json\/wp\/v2\/pages\/9283","targetHints":{"allow":["GET"]}}],"collection":[{"href":"https:\/\/iqradernegi.org\/en\/wp-json\/wp\/v2\/pages"}],"about":[{"href":"https:\/\/iqradernegi.org\/en\/wp-json\/wp\/v2\/types\/page"}],"author":[{"embeddable":true,"href":"https:\/\/iqradernegi.org\/en\/wp-json\/wp\/v2\/users\/1"}],"replies":[{"embeddable":true,"href":"https:\/\/iqradernegi.org\/en\/wp-json\/wp\/v2\/comments?post=9283"}],"version-history":[{"count":4,"href":"https:\/\/iqradernegi.org\/en\/wp-json\/wp\/v2\/pages\/9283\/revisions"}],"predecessor-version":[{"id":9293,"href":"https:\/\/iqradernegi.org\/en\/wp-json\/wp\/v2\/pages\/9283\/revisions\/9293"}],"wp:attachment":[{"href":"https:\/\/iqradernegi.org\/en\/wp-json\/wp\/v2\/media?parent=9283"}],"curies":[{"name":"wp","href":"https:\/\/api.w.org\/{rel}","templated":true}]}}