{"id":9095,"date":"2025-02-13T12:07:52","date_gmt":"2025-02-13T12:07:52","guid":{"rendered":"https:\/\/iqradernegi.org\/?page_id=9095"},"modified":"2025-02-13T12:07:52","modified_gmt":"2025-02-13T12:07:52","slug":"donation-online","status":"publish","type":"page","link":"https:\/\/iqradernegi.org\/en\/donation-online\/","title":{"rendered":"Donation Online"},"content":{"rendered":"<div class=\"wpb-content-wrapper\"><p><img loading=\"lazy\" decoding=\"async\" class=\"alignnone size-medium wp-image-6923\" src=\"https:\/\/iqradernegi.org\/wp-content\/uploads\/2024\/11\/Iqra-Post-300x300.png\" alt=\"\" width=\"300\" height=\"300\" srcset=\"https:\/\/iqradernegi.org\/wp-content\/uploads\/2024\/11\/Iqra-Post-300x300.png 300w, https:\/\/iqradernegi.org\/wp-content\/uploads\/2024\/11\/Iqra-Post-1024x1024.png 1024w, https:\/\/iqradernegi.org\/wp-content\/uploads\/2024\/11\/Iqra-Post-150x150.png 150w, https:\/\/iqradernegi.org\/wp-content\/uploads\/2024\/11\/Iqra-Post-768x768.png 768w, https:\/\/iqradernegi.org\/wp-content\/uploads\/2024\/11\/Iqra-Post-570x570.png 570w, https:\/\/iqradernegi.org\/wp-content\/uploads\/2024\/11\/Iqra-Post-500x500.png 500w, https:\/\/iqradernegi.org\/wp-content\/uploads\/2024\/11\/Iqra-Post-100x100.png 100w, https:\/\/iqradernegi.org\/wp-content\/uploads\/2024\/11\/Iqra-Post-600x600.png 600w, https:\/\/iqradernegi.org\/wp-content\/uploads\/2024\/11\/Iqra-Post.png 1080w\" sizes=\"auto, (max-width: 300px) 100vw, 300px\" \/><\/p>\n<h2 class=\"vc_custom_heading vc_do_custom_heading\">TL IBAN<\/h2>\n<div class=\"wpb_text_column wpb_content_element\">\n<div class=\"wpb_wrapper\">\n<p>Account name:\u00a0<strong>\u0130NSANI KALKINMA REHBERL\u0130K VE ADALET DERNE\u011e\u0130<\/strong><\/p>\n<\/div>\n<\/div>\n<div class=\"wpb_text_column wpb_content_element\">\n<div class=\"wpb_wrapper\">\n<p>IBAN:\u00a0<strong>TR 67 0001 5001 5800 7338 8041 72<\/strong><\/p>\n<\/div>\n<div class=\"vc_row wpb_row vc_inner vc_row-fluid vc_column-gap-35\">\n<div class=\"wpb_column vc_column_container vc_col-sm-6\">\n<div class=\"vc_column-inner\">\n<div class=\"wpb_wrapper\">\n<div class=\"wpb_text_column wpb_content_element\">\n<div class=\"wpb_wrapper\">\n<p>SWIFT code:\u00a0<strong>TVBATR2A<\/strong><\/p>\n<p>&nbsp;<\/p>\n<p><strong><br \/>\n<img loading=\"lazy\" decoding=\"async\" class=\"alignnone size-medium wp-image-6923\" src=\"https:\/\/iqradernegi.org\/wp-content\/uploads\/2024\/11\/Iqra-Post-300x300.png\" alt=\"\" width=\"300\" height=\"300\" srcset=\"https:\/\/iqradernegi.org\/wp-content\/uploads\/2024\/11\/Iqra-Post-300x300.png 300w, https:\/\/iqradernegi.org\/wp-content\/uploads\/2024\/11\/Iqra-Post-1024x1024.png 1024w, https:\/\/iqradernegi.org\/wp-content\/uploads\/2024\/11\/Iqra-Post-150x150.png 150w, https:\/\/iqradernegi.org\/wp-content\/uploads\/2024\/11\/Iqra-Post-768x768.png 768w, https:\/\/iqradernegi.org\/wp-content\/uploads\/2024\/11\/Iqra-Post-570x570.png 570w, https:\/\/iqradernegi.org\/wp-content\/uploads\/2024\/11\/Iqra-Post-500x500.png 500w, https:\/\/iqradernegi.org\/wp-content\/uploads\/2024\/11\/Iqra-Post-100x100.png 100w, https:\/\/iqradernegi.org\/wp-content\/uploads\/2024\/11\/Iqra-Post-600x600.png 600w, https:\/\/iqradernegi.org\/wp-content\/uploads\/2024\/11\/Iqra-Post.png 1080w\" sizes=\"auto, (max-width: 300px) 100vw, 300px\" \/><br \/>\n<\/strong><\/p>\n<\/div>\n<div class=\"wpb_wrapper\">\n<h2 class=\"vc_custom_heading vc_do_custom_heading\">USD IBAN<\/h2>\n<div class=\"wpb_text_column wpb_content_element\">\n<div class=\"wpb_wrapper\">\n<p>Account name:\u00a0<strong>\u0130NSANI KALKINMA REHBERL\u0130K VE ADALET DERNE\u011e\u0130<\/strong><\/p>\n<\/div>\n<\/div>\n<div class=\"wpb_text_column wpb_content_element\">\n<div class=\"wpb_wrapper\">\n<p>IBAN:\u00a0<strong>TR 11 0001 5001 5804 8024 5042 89<\/strong><\/p>\n<\/div>\n<\/div>\n<div class=\"wpb_text_column wpb_content_element\">\n<div class=\"wpb_wrapper\">\n<p>SWIFT code:\u00a0<strong>TVBATR2A<\/strong><\/p>\n<p>&nbsp;<\/p>\n<\/div>\n<\/div>\n<p>&nbsp;<\/p>\n<\/div>\n<\/div>\n<p><img loading=\"lazy\" decoding=\"async\" class=\"alignnone size-medium wp-image-6923\" src=\"https:\/\/iqradernegi.org\/wp-content\/uploads\/2024\/11\/Iqra-Post-300x300.png\" alt=\"\" width=\"300\" height=\"300\" srcset=\"https:\/\/iqradernegi.org\/wp-content\/uploads\/2024\/11\/Iqra-Post-300x300.png 300w, https:\/\/iqradernegi.org\/wp-content\/uploads\/2024\/11\/Iqra-Post-1024x1024.png 1024w, https:\/\/iqradernegi.org\/wp-content\/uploads\/2024\/11\/Iqra-Post-150x150.png 150w, https:\/\/iqradernegi.org\/wp-content\/uploads\/2024\/11\/Iqra-Post-768x768.png 768w, https:\/\/iqradernegi.org\/wp-content\/uploads\/2024\/11\/Iqra-Post-570x570.png 570w, https:\/\/iqradernegi.org\/wp-content\/uploads\/2024\/11\/Iqra-Post-500x500.png 500w, https:\/\/iqradernegi.org\/wp-content\/uploads\/2024\/11\/Iqra-Post-100x100.png 100w, https:\/\/iqradernegi.org\/wp-content\/uploads\/2024\/11\/Iqra-Post-600x600.png 600w, https:\/\/iqradernegi.org\/wp-content\/uploads\/2024\/11\/Iqra-Post.png 1080w\" sizes=\"auto, (max-width: 300px) 100vw, 300px\" \/><\/p>\n<h2 class=\"vc_custom_heading vc_do_custom_heading\">EURO IBAN<\/h2>\n<div class=\"wpb_text_column wpb_content_element\">\n<div class=\"wpb_wrapper\">\n<p>Account name:\u00a0<strong>\u0130NSANI KALKINMA REHBERL\u0130K VE ADALET DERNE\u011e\u0130<\/strong><\/p>\n<\/div>\n<\/div>\n<div class=\"wpb_text_column wpb_content_element\">\n<div class=\"wpb_wrapper\">\n<p>IBAN:\u00a0<strong>TR 22 0001 5001 5804 8024 5042 85<\/strong><\/p>\n<\/div>\n<\/div>\n<div class=\"wpb_text_column wpb_content_element\">\n<div class=\"wpb_wrapper\">\n<p>SWIFT code: TVBATR2A<\/p>\n<p>&nbsp;<\/p>\n<p>&nbsp;<\/p>\n<\/div>\n<\/div>\n<\/div>\n<p><img loading=\"lazy\" decoding=\"async\" class=\"alignnone size-medium wp-image-6923\" src=\"https:\/\/iqradernegi.org\/wp-content\/uploads\/2024\/11\/Iqra-Post-300x300.png\" alt=\"\" width=\"300\" height=\"300\" srcset=\"https:\/\/iqradernegi.org\/wp-content\/uploads\/2024\/11\/Iqra-Post-300x300.png 300w, https:\/\/iqradernegi.org\/wp-content\/uploads\/2024\/11\/Iqra-Post-1024x1024.png 1024w, https:\/\/iqradernegi.org\/wp-content\/uploads\/2024\/11\/Iqra-Post-150x150.png 150w, https:\/\/iqradernegi.org\/wp-content\/uploads\/2024\/11\/Iqra-Post-768x768.png 768w, https:\/\/iqradernegi.org\/wp-content\/uploads\/2024\/11\/Iqra-Post-570x570.png 570w, https:\/\/iqradernegi.org\/wp-content\/uploads\/2024\/11\/Iqra-Post-500x500.png 500w, https:\/\/iqradernegi.org\/wp-content\/uploads\/2024\/11\/Iqra-Post-100x100.png 100w, https:\/\/iqradernegi.org\/wp-content\/uploads\/2024\/11\/Iqra-Post-600x600.png 600w, https:\/\/iqradernegi.org\/wp-content\/uploads\/2024\/11\/Iqra-Post.png 1080w\" sizes=\"auto, (max-width: 300px) 100vw, 300px\" \/><\/p>\n<h2 class=\"vc_custom_heading vc_do_custom_heading\">GBP IBAN<\/h2>\n<div class=\"wpb_text_column wpb_content_element\">\n<div class=\"wpb_wrapper\">\n<p>Account name:\u00a0<strong>\u0130NSANI KALKINMA REHBERL\u0130K VE ADALET DERNE\u011e\u0130<\/strong><\/p>\n<\/div>\n<\/div>\n<div class=\"wpb_text_column wpb_content_element\">\n<div class=\"wpb_wrapper\">\n<p>IBAN:\u00a0<strong>TR27 0001 5001 5804 8024 5042 92<\/strong><\/p>\n<\/div>\n<\/div>\n<div class=\"wpb_text_column wpb_content_element\">\n<div class=\"wpb_wrapper\">\n<p>SWIFT code:\u00a0<strong>TVBATR2A<\/strong><\/p>\n<\/div>\n<\/div>\n<\/div>\n<\/div>\n<\/div>\n<\/div>\n<\/div>","protected":false},"excerpt":{"rendered":"<p>TL IBAN Account name:\u00a0\u0130NSANI KALKINMA REHBERL\u0130K VE ADALET DERNE\u011e\u0130 IBAN:\u00a0TR 67 0001 5001 5800 7338 8041 72 SWIFT code:\u00a0TVBATR2A &nbsp; USD IBAN Account name:\u00a0\u0130NSANI KALKINMA REHBERL\u0130K VE ADALET DERNE\u011e\u0130 IBAN:\u00a0TR [&hellip;]<\/p>\n","protected":false},"author":7,"featured_media":0,"parent":0,"menu_order":0,"comment_status":"closed","ping_status":"closed","template":"","meta":{"give_campaign_id":0,"footnotes":""},"class_list":["post-9095","page","type-page","status-publish","hentry"],"campaignId":"","_links":{"self":[{"href":"https:\/\/iqradernegi.org\/en\/wp-json\/wp\/v2\/pages\/9095","targetHints":{"allow":["GET"]}}],"collection":[{"href":"https:\/\/iqradernegi.org\/en\/wp-json\/wp\/v2\/pages"}],"about":[{"href":"https:\/\/iqradernegi.org\/en\/wp-json\/wp\/v2\/types\/page"}],"author":[{"embeddable":true,"href":"https:\/\/iqradernegi.org\/en\/wp-json\/wp\/v2\/users\/7"}],"replies":[{"embeddable":true,"href":"https:\/\/iqradernegi.org\/en\/wp-json\/wp\/v2\/comments?post=9095"}],"version-history":[{"count":1,"href":"https:\/\/iqradernegi.org\/en\/wp-json\/wp\/v2\/pages\/9095\/revisions"}],"predecessor-version":[{"id":9096,"href":"https:\/\/iqradernegi.org\/en\/wp-json\/wp\/v2\/pages\/9095\/revisions\/9096"}],"wp:attachment":[{"href":"https:\/\/iqradernegi.org\/en\/wp-json\/wp\/v2\/media?parent=9095"}],"curies":[{"name":"wp","href":"https:\/\/api.w.org\/{rel}","templated":true}]}}